{"id":400,"date":"2024-01-17T13:33:17","date_gmt":"2024-01-17T13:33:17","guid":{"rendered":"https:\/\/soilecology.ut.ee\/?page_id=400"},"modified":"2024-01-17T13:33:17","modified_gmt":"2024-01-17T13:33:17","slug":"tooruhmast","status":"publish","type":"page","link":"https:\/\/soilecology.ut.ee\/?page_id=400","title":{"rendered":"T\u00f6\u00f6r\u00fchmast"},"content":{"rendered":"","protected":false},"excerpt":{"rendered":"","protected":false},"author":1,"featured_media":0,"parent":0,"menu_order":0,"comment_status":"closed","ping_status":"closed","template":"","meta":[],"featured_image_src":null,"_links":{"self":[{"href":"https:\/\/soilecology.ut.ee\/index.php?rest_route=\/wp\/v2\/pages\/400"}],"collection":[{"href":"https:\/\/soilecology.ut.ee\/index.php?rest_route=\/wp\/v2\/pages"}],"about":[{"href":"https:\/\/soilecology.ut.ee\/index.php?rest_route=\/wp\/v2\/types\/page"}],"author":[{"embeddable":true,"href":"https:\/\/soilecology.ut.ee\/index.php?rest_route=\/wp\/v2\/users\/1"}],"replies":[{"embeddable":true,"href":"https:\/\/soilecology.ut.ee\/index.php?rest_route=%2Fwp%2Fv2%2Fcomments&post=400"}],"version-history":[{"count":1,"href":"https:\/\/soilecology.ut.ee\/index.php?rest_route=\/wp\/v2\/pages\/400\/revisions"}],"predecessor-version":[{"id":401,"href":"https:\/\/soilecology.ut.ee\/index.php?rest_route=\/wp\/v2\/pages\/400\/revisions\/401"}],"wp:attachment":[{"href":"https:\/\/soilecology.ut.ee\/index.php?rest_route=%2Fwp%2Fv2%2Fmedia&parent=400"}],"curies":[{"name":"wp","href":"https:\/\/api.w.org\/{rel}","templated":true}]}}