{"id":380,"date":"2024-01-17T12:35:34","date_gmt":"2024-01-17T12:35:34","guid":{"rendered":"https:\/\/soilecology.ut.ee\/?page_id=380"},"modified":"2025-04-03T08:57:56","modified_gmt":"2025-04-03T08:57:56","slug":"funfarm","status":"publish","type":"page","link":"https:\/\/soilecology.ut.ee\/?page_id=380","title":{"rendered":"FUNFARM"},"content":{"rendered":"\n<p><strong>Projekti kirjeldus <\/strong>&nbsp;<\/p>\n\n\n\n<p>Tartu \u00dclikool kutsub p\u00f5llumajandustootjaid osalema projektis FUNFARM. Projekti eesm\u00e4rk on saada \u00fclevaade Eestis p\u00f5llumulla elusitku seisundist ning selgitada v\u00e4lja majandamisviiside m\u00f5ju mulla elurikkusele. Uuringu tulemusena&nbsp;anda soovitusi majandamisviisidele, mis soodustavad mulla elurikkust. &nbsp;<\/p>\n\n\n\n<p>Projekti k\u00e4igus valitakse v\u00e4lja ligi 600 p\u00f5ldu \u00fcle Eesti, l\u00e4htudes majandamisviisidest ja mullat\u00fc\u00fcbist.&nbsp; Mullaproovide kogumine on plaanitud 2024. a suve teises pooles&nbsp;vastavalt kasvatatava kultuuri valmimisajale. Parim aega mullaproovide kogumiseks on vahetult enne v\u00f5i p\u00e4rast saagi koristust. T\u00e4psemad proovide kogumise ajad lepitakse tootjatega eelnevalt kokku.&nbsp;<\/p>\n\n\n\n<p><strong>Keda ootame uuringus osalema?<\/strong>&nbsp;<\/p>\n\n\n\n<p>Eelk\u00f5ige soovime koguda andmeid teraviljaga k\u00fclvikorras olevatelt p\u00f5ldudelt. Meile on oluline, et oleksid esindatud nii suured kui v\u00e4ikesed, mahedad ja tavad, p\u00f5llud igast Eesti piirkonnast. &nbsp;<\/p>\n\n\n\n<p><strong>Miks osaleda?<\/strong>&nbsp;<\/p>\n\n\n\n<p>Mullaelustiku andmed aitavad maaharijatel saada \u00fclevaate muldade olukorrast oma p\u00f5ldudel ja teha vastavalt sellele otsuseid, mis toetaksid parimal viisil nii muldade viljakust kui p\u00f5llupidaja rahakotti. &nbsp;<\/p>\n\n\n\n<p>\u00dcle Eesti kogutud andmed aitavad teadlastel v\u00e4lja selgitada erinevad seadusp\u00e4rad maaharimisviiside ja mulla elurikkuse vahel. See teadmine aitab meil&nbsp;tulevikus teha prognoose muldade v\u00f5imaliku elurikkuse kohta ning tagada p\u00f5llumajandusvaldkonna j\u00e4tkusuutlik areng.&nbsp;&nbsp;<\/p>\n\n\n\n<p><strong>Mida uurime?<\/strong>&nbsp;<\/p>\n\n\n\n<p>Uuringu k\u00e4igus kogume p\u00f5ldudelt mullaproove, millest m\u00e4\u00e4rame mullakeemia ning liigirohkused erinevates mullaorganismide r\u00fchmades.&nbsp;<\/p>\n\n\n\n<p>Lisaks n\u00f5usolekule mullaproove koguda vajame ka m\u00f5ningaid andmeid p\u00f5llul tehtud t\u00f6\u00f6dest. Uuringus osalejatele edastame t\u00e4psema k\u00fcsimustiku. &nbsp;<\/p>\n\n\n\n<p>Kasutame DNA p\u00f5hiseid markerid, et m\u00e4\u00e4rata seente, nematoodide, bakterite, arhede ja l\u00fclijalgsete liigirohkust mullas.&nbsp;<\/p>\n\n\n\n<p><strong>Mida saad oma p\u00f5llu kohta teada?<\/strong>&nbsp;<\/p>\n\n\n\n<p>Jagame saadud tulemusi ja infot mulla elurikkuse kohta projektis osalenutele p\u00f5llup\u00f5histe&nbsp;raportitena. Lisaks tulemustele anname soovitusi elurikkamaks mulla majandamiseks. &nbsp;<\/p>\n\n\n\n<p><strong>Uuringu l\u00e4biviijad<\/strong>&nbsp;<\/p>\n\n\n\n<p>Tartu \u00dclikooli mulla\u00f6koloogia t\u00f6\u00f6r\u00fchm: (PILDID)&nbsp;<\/p>\n\n\n\n<p>Maarja \u00d6pik, molekulaarse \u00f6koloogia professor&nbsp;<\/p>\n\n\n\n<p>Inga Hiiesalu, molekulaarse taime\u00f6koloogia kaasprofessor&nbsp;<\/p>\n\n\n\n<p>Tanel Vahter, mulla\u00f6koloogia teadur&nbsp;<\/p>\n\n\n\n<p>Merili Simmer, mulla\u00f6koloogia nooremteadur&nbsp;<\/p>\n\n\n\n<p><strong>Kontakt<\/strong>&nbsp;<\/p>\n\n\n\n<p>soilecology.ut.ee&nbsp;<\/p>\n\n\n\n<p>mullauuring@ut.ee&nbsp;<\/p>\n\n\n\n<p>Projekti rahastab Eesti Teadusagentuur (PRG1789 ja Tippkeskus AgroCropFuture)&nbsp;<\/p>\n","protected":false},"excerpt":{"rendered":"<p>Projekti kirjeldus &nbsp; Tartu \u00dclikool kutsub p\u00f5llumajandustootjaid osalema projektis FUNFARM. Projekti eesm\u00e4rk on saada \u00fclevaade Eestis p\u00f5llumulla elusitku seisundist ning selgitada v\u00e4lja majandamisviiside m\u00f5ju mulla elurikkusele. Uuringu tulemusena&nbsp;anda soovitusi majandamisviisidele, mis soodustavad mulla elurikkust. &nbsp; Projekti k\u00e4igus valitakse v\u00e4lja ligi 600 p\u00f5ldu \u00fcle Eesti, l\u00e4htudes majandamisviisidest ja mullat\u00fc\u00fcbist.&nbsp; Mullaproovide kogumine on plaanitud 2024. a suve [&hellip;]<\/p>\n","protected":false},"author":1,"featured_media":0,"parent":0,"menu_order":0,"comment_status":"closed","ping_status":"closed","template":"","meta":[],"featured_image_src":null,"_links":{"self":[{"href":"https:\/\/soilecology.ut.ee\/index.php?rest_route=\/wp\/v2\/pages\/380"}],"collection":[{"href":"https:\/\/soilecology.ut.ee\/index.php?rest_route=\/wp\/v2\/pages"}],"about":[{"href":"https:\/\/soilecology.ut.ee\/index.php?rest_route=\/wp\/v2\/types\/page"}],"author":[{"embeddable":true,"href":"https:\/\/soilecology.ut.ee\/index.php?rest_route=\/wp\/v2\/users\/1"}],"replies":[{"embeddable":true,"href":"https:\/\/soilecology.ut.ee\/index.php?rest_route=%2Fwp%2Fv2%2Fcomments&post=380"}],"version-history":[{"count":4,"href":"https:\/\/soilecology.ut.ee\/index.php?rest_route=\/wp\/v2\/pages\/380\/revisions"}],"predecessor-version":[{"id":2358,"href":"https:\/\/soilecology.ut.ee\/index.php?rest_route=\/wp\/v2\/pages\/380\/revisions\/2358"}],"wp:attachment":[{"href":"https:\/\/soilecology.ut.ee\/index.php?rest_route=%2Fwp%2Fv2%2Fmedia&parent=380"}],"curies":[{"name":"wp","href":"https:\/\/api.w.org\/{rel}","templated":true}]}}